{"id":2,"date":"2026-01-30T11:58:17","date_gmt":"2026-01-30T11:58:17","guid":{"rendered":"http:\/\/kz.tychy.pl\/kz-tychy\/?page_id=2"},"modified":"2026-02-01T15:46:05","modified_gmt":"2026-02-01T14:46:05","slug":"sample-page","status":"publish","type":"page","link":"https:\/\/kz.tychy.pl\/index.php\/sample-page\/","title":{"rendered":"Aktualno\u015bci"},"content":{"rendered":"\n<p>W tym miejscu publikujemy zbli\u017caj\u0105ce si\u0119 wydarzenia.<\/p>\n\n\n\n<figure class=\"wp-block-gallery has-nested-images columns-default is-cropped wp-block-gallery-1 is-layout-flex wp-block-gallery-is-layout-flex\">\n<figure class=\"wp-block-image size-large\"><img loading=\"lazy\" decoding=\"async\" width=\"1024\" height=\"768\" data-id=\"31\" src=\"https:\/\/kz.tychy.pl\/wp-content\/uploads\/2026\/02\/WhatsApp-Image-2026-02-01-at-15.39.34-1024x768.jpeg\" alt=\"\" class=\"wp-image-31\" srcset=\"https:\/\/kz.tychy.pl\/wp-content\/uploads\/2026\/02\/WhatsApp-Image-2026-02-01-at-15.39.34-1024x768.jpeg 1024w, https:\/\/kz.tychy.pl\/wp-content\/uploads\/2026\/02\/WhatsApp-Image-2026-02-01-at-15.39.34-300x225.jpeg 300w, https:\/\/kz.tychy.pl\/wp-content\/uploads\/2026\/02\/WhatsApp-Image-2026-02-01-at-15.39.34-768x576.jpeg 768w, https:\/\/kz.tychy.pl\/wp-content\/uploads\/2026\/02\/WhatsApp-Image-2026-02-01-at-15.39.34-1536x1152.jpeg 1536w, https:\/\/kz.tychy.pl\/wp-content\/uploads\/2026\/02\/WhatsApp-Image-2026-02-01-at-15.39.34.jpeg 1600w\" sizes=\"auto, (max-width: 1024px) 100vw, 1024px\" \/><\/figure>\n<\/figure>\n\n\n\n<p><\/p>\n","protected":false},"excerpt":{"rendered":"<p>W tym miejscu publikujemy zbli\u017caj\u0105ce si\u0119 wydarzenia.<\/p>\n","protected":false},"author":1,"featured_media":0,"parent":0,"menu_order":0,"comment_status":"closed","ping_status":"open","template":"","meta":{"footnotes":""},"class_list":["post-2","page","type-page","status-publish","hentry"],"_links":{"self":[{"href":"https:\/\/kz.tychy.pl\/index.php\/wp-json\/wp\/v2\/pages\/2","targetHints":{"allow":["GET"]}}],"collection":[{"href":"https:\/\/kz.tychy.pl\/index.php\/wp-json\/wp\/v2\/pages"}],"about":[{"href":"https:\/\/kz.tychy.pl\/index.php\/wp-json\/wp\/v2\/types\/page"}],"author":[{"embeddable":true,"href":"https:\/\/kz.tychy.pl\/index.php\/wp-json\/wp\/v2\/users\/1"}],"replies":[{"embeddable":true,"href":"https:\/\/kz.tychy.pl\/index.php\/wp-json\/wp\/v2\/comments?post=2"}],"version-history":[{"count":4,"href":"https:\/\/kz.tychy.pl\/index.php\/wp-json\/wp\/v2\/pages\/2\/revisions"}],"predecessor-version":[{"id":33,"href":"https:\/\/kz.tychy.pl\/index.php\/wp-json\/wp\/v2\/pages\/2\/revisions\/33"}],"wp:attachment":[{"href":"https:\/\/kz.tychy.pl\/index.php\/wp-json\/wp\/v2\/media?parent=2"}],"curies":[{"name":"wp","href":"https:\/\/api.w.org\/{rel}","templated":true}]}}